{"id":7,"date":"2016-12-28T16:13:44","date_gmt":"2016-12-28T15:13:44","guid":{"rendered":"http:\/\/geburtshaus-regenbogen.de\/?page_id=7"},"modified":"2026-01-15T08:17:30","modified_gmt":"2026-01-15T07:17:30","slug":"startseite","status":"publish","type":"page","link":"https:\/\/geburtshaus-regenbogen.de\/","title":{"rendered":"Startseite"},"content":{"rendered":"<div class=\"wp-block-image\">\n<figure class=\"aligncenter size-full is-resized\"><img loading=\"lazy\" decoding=\"async\" width=\"616\" height=\"398\" src=\"https:\/\/geburtshaus-regenbogen.de\/wp-content\/uploads\/2024\/10\/WhatsApp-Image-2024-10-17-at-08.58.22.jpeg\" alt=\"\" class=\"wp-image-887\" style=\"width:262px;height:auto\" srcset=\"https:\/\/geburtshaus-regenbogen.de\/wp-content\/uploads\/2024\/10\/WhatsApp-Image-2024-10-17-at-08.58.22.jpeg 616w, https:\/\/geburtshaus-regenbogen.de\/wp-content\/uploads\/2024\/10\/WhatsApp-Image-2024-10-17-at-08.58.22-300x194.jpeg 300w\" sizes=\"auto, (max-width: 616px) 100vw, 616px\" \/><\/figure>\n<\/div>\n\n\n<ul class=\"wp-block-social-links is-layout-flex wp-block-social-links-is-layout-flex\"><li class=\"wp-social-link wp-social-link-instagram  wp-block-social-link\"><a href=\"https:\/\/www.instagram.com\/geburtshaus_regenbogen\/\" class=\"wp-block-social-link-anchor\"><svg width=\"24\" height=\"24\" viewBox=\"0 0 24 24\" version=\"1.1\" xmlns=\"http:\/\/www.w3.org\/2000\/svg\" aria-hidden=\"true\" focusable=\"false\"><path d=\"M12,4.622c2.403,0,2.688,0.009,3.637,0.052c0.877,0.04,1.354,0.187,1.671,0.31c0.42,0.163,0.72,0.358,1.035,0.673 c0.315,0.315,0.51,0.615,0.673,1.035c0.123,0.317,0.27,0.794,0.31,1.671c0.043,0.949,0.052,1.234,0.052,3.637 s-0.009,2.688-0.052,3.637c-0.04,0.877-0.187,1.354-0.31,1.671c-0.163,0.42-0.358,0.72-0.673,1.035 c-0.315,0.315-0.615,0.51-1.035,0.673c-0.317,0.123-0.794,0.27-1.671,0.31c-0.949,0.043-1.233,0.052-3.637,0.052 s-2.688-0.009-3.637-0.052c-0.877-0.04-1.354-0.187-1.671-0.31c-0.42-0.163-0.72-0.358-1.035-0.673 c-0.315-0.315-0.51-0.615-0.673-1.035c-0.123-0.317-0.27-0.794-0.31-1.671C4.631,14.688,4.622,14.403,4.622,12 s0.009-2.688,0.052-3.637c0.04-0.877,0.187-1.354,0.31-1.671c0.163-0.42,0.358-0.72,0.673-1.035 c0.315-0.315,0.615-0.51,1.035-0.673c0.317-0.123,0.794-0.27,1.671-0.31C9.312,4.631,9.597,4.622,12,4.622 M12,3 C9.556,3,9.249,3.01,8.289,3.054C7.331,3.098,6.677,3.25,6.105,3.472C5.513,3.702,5.011,4.01,4.511,4.511 c-0.5,0.5-0.808,1.002-1.038,1.594C3.25,6.677,3.098,7.331,3.054,8.289C3.01,9.249,3,9.556,3,12c0,2.444,0.01,2.751,0.054,3.711 c0.044,0.958,0.196,1.612,0.418,2.185c0.23,0.592,0.538,1.094,1.038,1.594c0.5,0.5,1.002,0.808,1.594,1.038 c0.572,0.222,1.227,0.375,2.185,0.418C9.249,20.99,9.556,21,12,21s2.751-0.01,3.711-0.054c0.958-0.044,1.612-0.196,2.185-0.418 c0.592-0.23,1.094-0.538,1.594-1.038c0.5-0.5,0.808-1.002,1.038-1.594c0.222-0.572,0.375-1.227,0.418-2.185 C20.99,14.751,21,14.444,21,12s-0.01-2.751-0.054-3.711c-0.044-0.958-0.196-1.612-0.418-2.185c-0.23-0.592-0.538-1.094-1.038-1.594 c-0.5-0.5-1.002-0.808-1.594-1.038c-0.572-0.222-1.227-0.375-2.185-0.418C14.751,3.01,14.444,3,12,3L12,3z M12,7.378 c-2.552,0-4.622,2.069-4.622,4.622S9.448,16.622,12,16.622s4.622-2.069,4.622-4.622S14.552,7.378,12,7.378z M12,15 c-1.657,0-3-1.343-3-3s1.343-3,3-3s3,1.343,3,3S13.657,15,12,15z M16.804,6.116c-0.596,0-1.08,0.484-1.08,1.08 s0.484,1.08,1.08,1.08c0.596,0,1.08-0.484,1.08-1.08S17.401,6.116,16.804,6.116z\"><\/path><\/svg><span class=\"wp-block-social-link-label screen-reader-text\">Instagram<\/span><\/a><\/li><\/ul>\n\n\n<p style=\"text-align: center;\"><strong>Herzlich Willkommen auf der Homepage des<br \/><\/strong><strong>Geburtshauses Regenbogen <\/strong><strong>in Neustadt a. d. Aisch!<\/strong><\/p>\n<p>Unser Geburtshaus Regenbogen bietet eine individuelle, ganzheitliche Betreuung w\u00e4hrend der Schwangerschaft, der Geburt und dem Wochenbett. In der Begleitung der Frauen wollen wir die Intimit\u00e4t sch\u00fctzen, um diese sensiblen Lebensprozesse wachsen zu lassen und \u00c4ngste abzubauen. Wir m\u00f6chten Frauen in ihrer Selbstbestimmtheit f\u00f6rdern, damit sie unbeeintr\u00e4chtigt und kraftvoll ihre Kinder tragen und geb\u00e4ren k\u00f6nnen.<\/p>\n<p>Statt Geburtsmedizin bieten wir unsere Geburtshilfe mit einer 1 zu 1 Betreuung an, die auf die jeweiligen Bed\u00fcrfnisse der Frauen bzw. Paare abgestimmt ist, um routinem\u00e4\u00dfige Eingriffe und Medikamentengaben zu vermeiden. Die Sicherheit von Mutter und Kind ist unsere oberste Priorit\u00e4t. Wir lassen Mutter und Kind Zeit sich voneinander zu l\u00f6sen, um geboren zu werden und sich nach der Geburt miteinander vertraut zu machen<\/p>\n<p>Im Mittelpunkt stehen die werdenden Familien.<\/p>\n<p>Bei Bedarf unterst\u00fctzen wir Sie mit sanften Heilmethoden aus der Natur:<\/p>\n<p>\u2022 pflanzliche Heilmittel<br \/>\u2022 physikalische Anwendung<br \/>\u2022 manuelle Anwendung<\/p>\n<p>Das Geburtshaus Team besteht aus einem Team mit sieben Hebammen und wir haben Motivation, Freude an der Arbeit und Vertrauen in die nat\u00fcrliche Geburt. Um unser Team zu st\u00e4rken und die Frauen gemeinsam so betreuen zu k\u00f6nnen, wie wir es m\u00f6chten, finden regelm\u00e4\u00dfige Supervisionen im Team statt.<\/p>\n<p>In unserem Geburtshaus arbeiten ausschlie\u00dflich Hebammen, deren fachliche Kompetenz durch regelm\u00e4\u00dfigen Austausch mit Kolleginnen, Fort &#8211; und Weiterbildung gesichert ist.<\/p>\n<p><strong>Wir sind \u00fcberzeugt, dass Nat\u00fcrlichkeit und Individualit\u00e4t in der Geburtshilfe die wesentlichen Faktoren sind, um Mutter und Kind die ideale Chance f\u00fcr gesundes Geb\u00e4ren zu geben.<\/strong><\/p>","protected":false},"excerpt":{"rendered":"<p>Herzlich Willkommen auf der Homepage desGeburtshauses Regenbogen in Neustadt a. d. Aisch! Unser Geburtshaus Regenbogen bietet eine individuelle, ganzheitliche Betreuung w\u00e4hrend der Schwangerschaft, der Geburt und dem Wochenbett. In der Begleitung der Frauen wollen wir die Intimit\u00e4t sch\u00fctzen, um diese sensiblen Lebensprozesse wachsen zu lassen und \u00c4ngste abzubauen. Wir m\u00f6chten Frauen in ihrer Selbstbestimmtheit f\u00f6rdern, &hellip; <\/p>\n<p class=\"link-more\"><a href=\"https:\/\/geburtshaus-regenbogen.de\/\" class=\"more-link\"><span class=\"screen-reader-text\">\u201eStartseite\u201c <\/span>weiterlesen<\/a><\/p>\n","protected":false},"author":1,"featured_media":0,"parent":0,"menu_order":10,"comment_status":"closed","ping_status":"closed","template":"","meta":{"footnotes":""},"class_list":["post-7","page","type-page","status-publish","hentry"],"_links":{"self":[{"href":"https:\/\/geburtshaus-regenbogen.de\/index.php?rest_route=\/wp\/v2\/pages\/7","targetHints":{"allow":["GET"]}}],"collection":[{"href":"https:\/\/geburtshaus-regenbogen.de\/index.php?rest_route=\/wp\/v2\/pages"}],"about":[{"href":"https:\/\/geburtshaus-regenbogen.de\/index.php?rest_route=\/wp\/v2\/types\/page"}],"author":[{"embeddable":true,"href":"https:\/\/geburtshaus-regenbogen.de\/index.php?rest_route=\/wp\/v2\/users\/1"}],"replies":[{"embeddable":true,"href":"https:\/\/geburtshaus-regenbogen.de\/index.php?rest_route=%2Fwp%2Fv2%2Fcomments&post=7"}],"version-history":[{"count":43,"href":"https:\/\/geburtshaus-regenbogen.de\/index.php?rest_route=\/wp\/v2\/pages\/7\/revisions"}],"predecessor-version":[{"id":1052,"href":"https:\/\/geburtshaus-regenbogen.de\/index.php?rest_route=\/wp\/v2\/pages\/7\/revisions\/1052"}],"wp:attachment":[{"href":"https:\/\/geburtshaus-regenbogen.de\/index.php?rest_route=%2Fwp%2Fv2%2Fmedia&parent=7"}],"curies":[{"name":"wp","href":"https:\/\/api.w.org\/{rel}","templated":true}]}}