{"id":407,"date":"2025-03-18T11:03:03","date_gmt":"2025-03-18T10:03:03","guid":{"rendered":"http:\/\/geburtshaus-regenbogen.de\/?page_id=407"},"modified":"2025-08-07T09:24:00","modified_gmt":"2025-08-07T07:24:00","slug":"stellenangebote","status":"publish","type":"page","link":"https:\/\/geburtshaus-regenbogen.de\/?page_id=407","title":{"rendered":"Stellenangebote"},"content":{"rendered":"\n<figure class=\"wp-block-image size-large\"><img loading=\"lazy\" decoding=\"async\" width=\"1024\" height=\"665\" src=\"https:\/\/geburtshaus-regenbogen.de\/wp-content\/uploads\/2025\/03\/Stellenbeschreibung-Hebammenkollegin-1024x665.jpg\" alt=\"\" class=\"wp-image-953\" srcset=\"https:\/\/geburtshaus-regenbogen.de\/wp-content\/uploads\/2025\/03\/Stellenbeschreibung-Hebammenkollegin-1024x665.jpg 1024w, https:\/\/geburtshaus-regenbogen.de\/wp-content\/uploads\/2025\/03\/Stellenbeschreibung-Hebammenkollegin-300x195.jpg 300w, https:\/\/geburtshaus-regenbogen.de\/wp-content\/uploads\/2025\/03\/Stellenbeschreibung-Hebammenkollegin-768x499.jpg 768w, https:\/\/geburtshaus-regenbogen.de\/wp-content\/uploads\/2025\/03\/Stellenbeschreibung-Hebammenkollegin.jpg 1079w\" sizes=\"auto, (max-width: 706px) 89vw, (max-width: 767px) 82vw, 740px\" \/><\/figure>\n\n\n\n<h2 class=\"wp-block-heading\"><\/h2>\n\n\n\n<p>Wir, das Geburtshaus Regenbogen in Neustadt a. d. Aisch, suchen Hebammen zur Verst\u00e4rkung unseres Teams.<br>\u00dcber uns: Wir sind ein famili\u00e4res Geburtshaus mit dem Ziel, Frauen und Familien w\u00e4hrend Schwangerschaft, Geburt und Wochenbett liebevoll und professionell zu begleiten. Unsere Arbeit zeichnet sich durch einf\u00fchlsame, individuelle Betreuung und die Schaffung eines sicheren und beh\u00fcteten Umfelds aus.<\/p>\n\n\n\n<p>Was wir bieten:<\/p>\n\n\n\n<ul class=\"wp-block-list\">\n<li>Flexible Arbeitszeiten<\/li>\n\n\n\n<li>Ein wertsch\u00e4tzendes und kollegiales Arbeitsumfeld<\/li>\n\n\n\n<li>Freiraum f\u00fcr eine ganzheitliche und pers\u00f6nliche Betreuung der werdenden Eltern<\/li>\n\n\n\n<li>Ein Geburtshaus in Klinikn\u00e4he (200m)<\/li>\n\n\n\n<li>Auch eine vor\u00fcbergehende Zusammenarbeit w\u00e4re m\u00f6glich<\/li>\n<\/ul>\n\n\n\n<p>Wir suchen:<br>Eine oder mehrere Hebamme\/n, die unsere Philosophie teilt\/en, zuverl\u00e4ssig ist\/sind und Freude an der Arbeit in einem Geburtshaus hat\/haben. Berufserfahrung ist von Vorteil, aber auch Berufseinsteigerinnen sind herzlich willkommen.<\/p>\n\n\n\n<p>Interesse geweckt?<br>Dann freuen wir uns auf deine Bewerbung! Bitte sende uns deine Unterlagen oder kontaktiere uns f\u00fcr ein erstes Gespr\u00e4ch.<\/p>\n\n\n\n<p>Kontakt:<br>Geburtshaus Regenbogen Neustadt a. d. Aisch<br>Paracelsusstr. 39c<br>91413 Neustadt a. d. Aisch<br>Tel. 09161 1419<br>info@geburtshaus-regenbogen.de<br><\/p>\n\n\n\n<div class=\"wp-block-file\"><a href=\"http:\/\/geburtshaus-regenbogen.de\/wp-content\/uploads\/2019\/05\/Stellenanzeige.pdf\">Stellenanzeige Hebammenkollegin<\/a><a href=\"http:\/\/geburtshaus-regenbogen.de\/wp-content\/uploads\/2019\/05\/Stellenanzeige.pdf\" class=\"wp-block-file__button wp-element-button\" download>Herunterladen<\/a><\/div>\n\n\n\n<p><\/p>\n","protected":false},"excerpt":{"rendered":"<p>Wir, das Geburtshaus Regenbogen in Neustadt a. d. Aisch, suchen Hebammen zur Verst\u00e4rkung unseres Teams.\u00dcber uns: Wir sind ein famili\u00e4res Geburtshaus mit dem Ziel, Frauen und Familien w\u00e4hrend Schwangerschaft, Geburt und Wochenbett liebevoll und professionell zu begleiten. Unsere Arbeit zeichnet sich durch einf\u00fchlsame, individuelle Betreuung und die Schaffung eines sicheren und beh\u00fcteten Umfelds aus. Was &hellip; <\/p>\n<p class=\"link-more\"><a href=\"https:\/\/geburtshaus-regenbogen.de\/?page_id=407\" class=\"more-link\"><span class=\"screen-reader-text\">\u201eStellenangebote\u201c <\/span>weiterlesen<\/a><\/p>\n","protected":false},"author":1,"featured_media":0,"parent":0,"menu_order":90,"comment_status":"closed","ping_status":"closed","template":"","meta":{"footnotes":""},"class_list":["post-407","page","type-page","status-publish","hentry"],"_links":{"self":[{"href":"https:\/\/geburtshaus-regenbogen.de\/index.php?rest_route=\/wp\/v2\/pages\/407","targetHints":{"allow":["GET"]}}],"collection":[{"href":"https:\/\/geburtshaus-regenbogen.de\/index.php?rest_route=\/wp\/v2\/pages"}],"about":[{"href":"https:\/\/geburtshaus-regenbogen.de\/index.php?rest_route=\/wp\/v2\/types\/page"}],"author":[{"embeddable":true,"href":"https:\/\/geburtshaus-regenbogen.de\/index.php?rest_route=\/wp\/v2\/users\/1"}],"replies":[{"embeddable":true,"href":"https:\/\/geburtshaus-regenbogen.de\/index.php?rest_route=%2Fwp%2Fv2%2Fcomments&post=407"}],"version-history":[{"count":7,"href":"https:\/\/geburtshaus-regenbogen.de\/index.php?rest_route=\/wp\/v2\/pages\/407\/revisions"}],"predecessor-version":[{"id":958,"href":"https:\/\/geburtshaus-regenbogen.de\/index.php?rest_route=\/wp\/v2\/pages\/407\/revisions\/958"}],"wp:attachment":[{"href":"https:\/\/geburtshaus-regenbogen.de\/index.php?rest_route=%2Fwp%2Fv2%2Fmedia&parent=407"}],"curies":[{"name":"wp","href":"https:\/\/api.w.org\/{rel}","templated":true}]}}